{"id":13426,"date":"2022-05-25T10:59:16","date_gmt":"2022-05-25T10:59:16","guid":{"rendered":"http:\/\/www.kututuruncu.com\/?page_id=13426"},"modified":"2024-02-03T09:04:05","modified_gmt":"2024-02-03T09:04:05","slug":"iletisim","status":"publish","type":"page","link":"http:\/\/www.kututuruncu.com\/tr\/iletisim\/","title":{"rendered":"\u0130leti\u015fim"},"content":{"rendered":"<section data-vc-full-width=\"true\" data-vc-full-width-init=\"false\" data-vc-stretch-content=\"true\" class=\"vc_section vc_section_visible custom-responsive-163017269 vc_custom_1605824827648 pix-el-full-width\" data-section-name=\"\"><div data-vc-full-width=\"true\" data-vc-full-width-init=\"false\" data-vc-stretch-content=\"true\" class=\"vc_row wpb_row vc_row-fluid vc_row_visible vc_row-no-padding\"><div class=\"wpb_column vc_column_container vc_col-sm-12 text-left\"><div class=\"vc_column-inner\"><div class=\"wpb_wrapper\"><div id=\"el1604460437187-f31d4d08-70ef\" class=\"pix-highlighted-element text-center  vc_custom_1653476548857\"><h2 class=\"pix-highlighted-items \" style=\"\" data-anim-type=\"\" data-anim-delay=\"0\"><span class=\"\"><span class=\"pix-highlighted-text pix-highlight-item font-weight-normal  heading-font text-heading-default\">Bizimle <\/span><\/span><span id=\"el1604460437187-f31d4d08-70ef-1\" class=\"pix-highlight-bg align-middle2  el1604460437187-f31d4d08-70ef-1 animate-in\" data-anim-type=\"highlight-grow\" data-anim-delay=\"200\"><span class=\"pix-highlighted-text  pix-highlight-item font-weight-normal  font-weight-bold heading-font text-heading-default\">ileti\u015fimde <\/span><\/span><span class=\"\"><span class=\"pix-highlighted-text pix-highlight-item font-weight-normal  heading-font text-heading-default\">kal\u0131n<\/span><\/span><\/h2><\/div><div class=\"pix-el-text w-100 text-center  vc_custom_1653476477572\" ><div class=\"d-inline-block\" style=\"max-width:600px;\"><p class=\"text-20  text-body-default text-center \" ><span class=\"text-body-default animate-in d-inline-block\" data-anim-delay=\"100\" data-anim-type=\"fade-in-up\">Daha detayl\u0131 bilgi almak ve yeniliklerimiz i\u00e7in bize mesaj atabilirsiniz ya da arayabilirsiniz.<\/span><\/p><\/div><\/div><div class=\"wpb_gmaps_widget wpb_content_element vc_custom_1653476517630\"><div class=\"wpb_wrapper\"><div class=\"wpb_map_wraper\"><iframe src=\"https:\/\/www.google.com\/maps\/embed?pb=!1m14!1m8!1m3!1d12039.734476478454!2d28.9083005!3d41.0267082!3m2!1i1024!2i768!4f13.1!3m3!1m2!1s0x0%3A0xffcfc58a144697be!2sKutu%20Turuncu%20%2F%20Mukavva%20Kutu%20%C3%9Creticisi!5e0!3m2!1str!2str!4v1653476496481!5m2!1str!2str\" width=\"600\" height=\"450\" style=\"border:0;\" allowfullscreen=\"\" loading=\"lazy\" referrerpolicy=\"no-referrer-when-downgrade\"><\/iframe><\/div><\/div><\/div><\/div><\/div><\/div><\/div><div class=\"vc_row-full-width vc_clearfix\"><\/div><\/section><div class=\"vc_row-full-width vc_clearfix\"><\/div><section id=\"pix_section_contact\" data-vc-full-width=\"true\" data-vc-full-width-init=\"false\" class=\"vc_section vc_section_visible pix_section_contact vc_custom_1604715535677 vc_section-has-fill\" data-section-name=\"\"><div data-vc-full-width=\"true\" data-vc-full-width-init=\"false\" class=\"vc_row wpb_row vc_row-fluid vc_row_visible vc_custom_1604715416895 vc_row-has-fill\"><div class=\"wpb_column vc_column_container vc_col-sm-4 text-left\"><div class=\"vc_column-inner\"><div class=\"wpb_wrapper\"><div class=\"pix-content-box card      vc_custom_1604715294192    rounded-10 bg- w-100  \"   ><div class=\"\" style=\"z-index:30;position:relative;\"><div id=\"1604460577161-a75b8ffd-8478\" class=\"pix-feature-el text-center \"><div class=\"rounded-circle d-inline-block2 d-inline-flex align-items-center justify-content-center line-height-0 bg-primary-light \"   style=\" width:54px;height:54px;position:relative;text-align:center;\"><div class=\"text-primary\" style=\"display:inline-block;width:30px;height:30px;font-size:30px;\"><svg width=\"100%\" height=\"100%\" viewBox=\"0 0 24 24\" version=\"1.1\" xmlns=\"http:\/\/www.w3.org\/2000\/svg\" xmlns:xlink=\"http:\/\/www.w3.org\/1999\/xlink\"> <defs><\/defs> <g stroke=\"none\" stroke-width=\"1\" fill=\"none\" fill-rule=\"evenodd\"> <path d=\"M11.575,21.2 C6.175,21.2 2.85,17.4 2.85,12.575 C2.85,6.875 7.375,3.05 12.525,3.05 C17.45,3.05 21.125,6.075 21.125,10.85 C21.125,15.2 18.825,16.925 16.525,16.925 C15.4,16.925 14.475,16.4 14.075,15.65 C13.3,16.4 12.125,16.875 11,16.875 C8.25,16.875 6.85,14.925 6.85,12.575 C6.85,9.55 9.05,7.1 12.275,7.1 C13.2,7.1 13.95,7.35 14.525,7.775 L14.625,7.35 L17,7.35 L15.825,12.85 C15.6,13.95 15.85,14.825 16.925,14.825 C18.25,14.825 19.025,13.725 19.025,10.8 C19.025,6.9 15.95,5.075 12.5,5.075 C8.625,5.075 5.05,7.75 5.05,12.575 C5.05,16.525 7.575,19.1 11.575,19.1 C13.075,19.1 14.625,18.775 15.975,18.075 L16.8,20.1 C15.25,20.8 13.2,21.2 11.575,21.2 Z M11.4,14.525 C12.05,14.525 12.7,14.35 13.225,13.825 L14.025,10.125 C13.575,9.65 12.925,9.425 12.3,9.425 C10.65,9.425 9.45,10.7 9.45,12.375 C9.45,13.675 10.075,14.525 11.4,14.525 Z\" fill=\"#000000\"><\/path> <\/g> <\/svg><\/div><\/div><h5 class=\"font-weight-bold   text-heading-default \" style=\"padding-top:20px;\"  >Email<\/h5><div class=\"text-body-default text-18     \" style=\"padding-top:10px;\"  >info@kututuruncu.com<\/div><\/div><\/div><\/div><\/div><\/div><\/div><div class=\"wpb_column vc_column_container vc_col-sm-4 text-left\"><div class=\"vc_column-inner\"><div class=\"wpb_wrapper\"><div class=\"pix-content-box card      vc_custom_1604715312657    rounded-10 bg- w-100  \"   ><div class=\"\" style=\"z-index:30;position:relative;\"><div id=\"1604460577044-faf42c53-487f\" class=\"pix-feature-el text-center \"><div class=\"rounded-circle d-inline-block2 d-inline-flex align-items-center justify-content-center line-height-0 bg-primary-light \"   style=\" width:54px;height:54px;position:relative;text-align:center;\"><div class=\"text-primary\" style=\"display:inline-block;width:30px;height:30px;font-size:30px;\"><svg width=\"100%\" height=\"100%\" viewBox=\"0 0 24 24\" version=\"1.1\" xmlns=\"http:\/\/www.w3.org\/2000\/svg\" xmlns:xlink=\"http:\/\/www.w3.org\/1999\/xlink\"> <defs><\/defs> <g stroke=\"none\" stroke-width=\"1\" fill=\"none\" fill-rule=\"evenodd\"> <path d=\"M5,10.5 C5,6 8,3 12.5,3 C17,3 20,6.75 20,10.5 C20,12.8325623 17.8236613,16.03566 13.470984,20.1092932 C12.9154018,20.6292577 12.0585054,20.6508331 11.4774555,20.1594925 C7.15915182,16.5078313 5,13.2880005 5,10.5 Z M12.5,12 C13.8807119,12 15,10.8807119 15,9.5 C15,8.11928813 13.8807119,7 12.5,7 C11.1192881,7 10,8.11928813 10,9.5 C10,10.8807119 11.1192881,12 12.5,12 Z\" fill=\"#000000\" fill-rule=\"nonzero\"><\/path> <\/g> <\/svg><\/div><\/div><h5 class=\"font-weight-bold   text-heading-default \" style=\"padding-top:20px;\"  >Adres<\/h5><div class=\"text-body-default text-18     \" style=\"padding-top:10px;\"  >Maltepe mahallesi, litrosayval\u0131dere sokak, seri i\u015f merkezi 5\/F Zeytinburnu\/\u0130stanbul<\/div><\/div><\/div><\/div><\/div><\/div><\/div><div class=\"wpb_column vc_column_container vc_col-sm-4 text-left\"><div class=\"vc_column-inner\"><div class=\"wpb_wrapper\"><div class=\"pix-content-box card      vc_custom_1604715449221    rounded-10 bg- w-100  \"   ><div class=\"\" style=\"z-index:30;position:relative;\"><a href=\"tel:+902124930071\" ><div id=\"1604460577274-f605cd73-e5f3\" class=\"pix-feature-el text-center \"><div class=\"rounded-circle d-inline-block2 d-inline-flex align-items-center justify-content-center line-height-0 bg-primary-light \"   style=\" width:54px;height:54px;position:relative;text-align:center;\"><div class=\"text-primary\" style=\"display:inline-block;width:30px;height:30px;font-size:30px;\"><svg width=\"100%\" height=\"100%\" viewBox=\"0 0 24 24\" version=\"1.1\" xmlns=\"http:\/\/www.w3.org\/2000\/svg\" xmlns:xlink=\"http:\/\/www.w3.org\/1999\/xlink\"> <defs><\/defs> <g stroke=\"none\" stroke-width=\"1\" fill=\"none\" fill-rule=\"evenodd\"> <path d=\"M13.0799676,14.7839934 L15.2839934,12.5799676 C15.8927139,11.9712471 16.0436229,11.0413042 15.6586342,10.2713269 L15.5337539,10.0215663 C15.1487653,9.25158901 15.2996742,8.3216461 15.9083948,7.71292558 L18.6411989,4.98012149 C18.836461,4.78485934 19.1530435,4.78485934 19.3483056,4.98012149 C19.3863063,5.01812215 19.4179321,5.06200062 19.4419658,5.11006808 L20.5459415,7.31801948 C21.3904962,9.0071287 21.0594452,11.0471565 19.7240871,12.3825146 L13.7252616,18.3813401 C12.2717221,19.8348796 10.1217008,20.3424308 8.17157288,19.6923882 L5.75709327,18.8875616 C5.49512161,18.8002377 5.35354162,18.5170777 5.4408655,18.2551061 C5.46541191,18.1814669 5.50676633,18.114554 5.56165376,18.0596666 L8.21292558,15.4083948 C8.8216461,14.7996742 9.75158901,14.6487653 10.5215663,15.0337539 L10.7713269,15.1586342 C11.5413042,15.5436229 12.4712471,15.3927139 13.0799676,14.7839934 Z\" fill=\"#000000\"><\/path> <path d=\"M14.1480759,6.00715131 L13.9566988,7.99797396 C12.4781389,7.8558405 11.0097207,8.36895892 9.93933983,9.43933983 C8.8724631,10.5062166 8.35911588,11.9685602 8.49664195,13.4426352 L6.50528978,13.6284215 C6.31304559,11.5678496 7.03283934,9.51741319 8.52512627,8.02512627 C10.0223249,6.52792766 12.0812426,5.80846733 14.1480759,6.00715131 Z M14.4980938,2.02230302 L14.313049,4.01372424 C11.6618299,3.76737046 9.03000738,4.69181803 7.1109127,6.6109127 C5.19447112,8.52735429 4.26985715,11.1545872 4.51274152,13.802405 L2.52110319,13.985098 C2.22450978,10.7517681 3.35562581,7.53777247 5.69669914,5.19669914 C8.04101739,2.85238089 11.2606138,1.72147333 14.4980938,2.02230302 Z\" fill=\"#000000\" fill-rule=\"nonzero\" opacity=\"0.3\"><\/path> <\/g> <\/svg>\n<\/div><\/div><h5 class=\"font-weight-bold   text-heading-default \" style=\"padding-top:20px;\"  >Phone<\/h5><div class=\"text-body-default text-18     \" style=\"padding-top:10px;\"  >+90 212 493 00 71<\/div><\/div><\/a><\/div><\/div><\/div><\/div><\/div><\/div><div class=\"vc_row-full-width vc_clearfix\"><\/div><div class=\"vc_row wpb_row vc_row-fluid vc_row_visible vc_custom_1604461320159 vc_row-o-equal-height vc_row-flex\"><div class=\"wpb_column vc_column_container vc_col-sm-12 text-center\"><div class=\"vc_column-inner  vc_custom_1653991526183\"><div class=\"wpb_wrapper\"><div class=\"pix-element-div w-100 text-center\"><h6 class=\"pix-badge-element d-inline-block mr-1 animate-in\" data-anim-type=\"fade-in-up\" data-anim-delay=\"0\"><span class=\"badge font-weight-bold bg-primary  vc_custom_1653991551901  \" style=\" \"><span class=\"text-white\" style=\"\">7\/24 \u0130leti\u015fim<\/span><\/span><\/h6><\/div><div  class=\"pix-heading-el text-center  vc_custom_1706951014748\"><div><div class=\"slide-in-container\"><h3 class=\"text-heading-default font-weight-bold animate-in heading-text el-title_custom_color mb-12\" style=\"\" data-anim-type=\"fade-in-up\" data-anim-delay=\"0\">Fiyat Teklifi Al\u0131n<\/h3><\/div><\/div><\/div>\n<div class=\"wpcf7 no-js\" id=\"wpcf7-f12-o1\" lang=\"tr-TR\" dir=\"ltr\" data-wpcf7-id=\"12\">\n<div class=\"screen-reader-response\"><p role=\"status\" aria-live=\"polite\" aria-atomic=\"true\"><\/p> <ul><\/ul><\/div>\n<form action=\"\/tr\/wp-json\/wp\/v2\/pages\/13426#wpcf7-f12-o1\" method=\"post\" class=\"wpcf7-form init\" aria-label=\"\u0130leti\u015fim Formu\" novalidate=\"novalidate\" data-status=\"init\">\n<fieldset class=\"hidden-fields-container\"><input type=\"hidden\" name=\"_wpcf7\" value=\"12\" \/><input type=\"hidden\" name=\"_wpcf7_version\" value=\"6.1.3\" \/><input type=\"hidden\" name=\"_wpcf7_locale\" value=\"tr_TR\" \/><input type=\"hidden\" name=\"_wpcf7_unit_tag\" value=\"wpcf7-f12-o1\" \/><input type=\"hidden\" name=\"_wpcf7_container_post\" value=\"0\" \/><input type=\"hidden\" name=\"_wpcf7_posted_data_hash\" value=\"\" \/>\n<\/fieldset>\n<div class=\"pix-contact7-form\"><p><label> Ad\u0131n\u0131z<br \/>\n<span class=\"wpcf7-form-control-wrap\" data-name=\"your-name\"><input size=\"40\" maxlength=\"400\" class=\"wpcf7-form-control wpcf7-text wpcf7-validates-as-required\" aria-required=\"true\" aria-invalid=\"false\" value=\"\" type=\"text\" name=\"your-name\" \/><\/span> <\/label>\n<\/p>\n<p><label> Email Adresiniz<br \/>\n<span class=\"wpcf7-form-control-wrap\" data-name=\"your-email\"><input size=\"40\" maxlength=\"400\" class=\"wpcf7-form-control wpcf7-email wpcf7-validates-as-required wpcf7-text wpcf7-validates-as-email\" aria-required=\"true\" aria-invalid=\"false\" value=\"\" type=\"email\" name=\"your-email\" \/><\/span> <\/label>\n<\/p>\n<p><label> Konu<br \/>\n<span class=\"wpcf7-form-control-wrap\" data-name=\"your-subject\"><input size=\"40\" maxlength=\"400\" class=\"wpcf7-form-control wpcf7-text wpcf7-validates-as-required\" aria-required=\"true\" aria-invalid=\"false\" value=\"\" type=\"text\" name=\"your-subject\" \/><\/span> <\/label>\n<\/p>\n<p><label> Mesaj\u0131n\u0131z (optional)<br \/>\n<span class=\"wpcf7-form-control-wrap\" data-name=\"your-message\"><textarea cols=\"40\" rows=\"10\" maxlength=\"2000\" class=\"wpcf7-form-control wpcf7-textarea\" aria-invalid=\"false\" name=\"your-message\"><\/textarea><\/span> <\/label>\n<\/p>\n<p><input class=\"wpcf7-form-control wpcf7-submit has-spinner\" type=\"submit\" value=\"G\u00f6nder\" \/>\n<\/p><\/div><div class=\"wpcf7-response-output\" aria-hidden=\"true\"><\/div>\n<\/form>\n<\/div>\n<\/div><\/div><\/div><\/div><\/section><div class=\"vc_row-full-width vc_clearfix\"><\/div>\n","protected":false},"excerpt":{"rendered":"Bizimle ileti\u015fimde kal\u0131nDaha detayl\u0131 bilgi almak ve yeniliklerimiz i\u00e7in bize mesaj atabilirsiniz ya da arayabilirsiniz. Emailinfo@kututuruncu.com AdresMaltepe mahallesi, litrosayval\u0131dere sokak, seri i\u015f merkezi 5\/F Zeytinburnu\/\u0130stanbul Phone+90 212 493 00 717\/24 \u0130leti\u015fimFiyat Teklifi Al\u0131n Ad\u0131n\u0131z Email Adresiniz Konu Mesaj\u0131n\u0131z (optional)","protected":false},"author":1,"featured_media":0,"parent":0,"menu_order":0,"comment_status":"closed","ping_status":"closed","template":"","meta":{"_joinchat":[],"footnotes":""},"class_list":["post-13426","page","type-page","status-publish","hentry"],"_links":{"self":[{"href":"http:\/\/www.kututuruncu.com\/tr\/wp-json\/wp\/v2\/pages\/13426","targetHints":{"allow":["GET"]}}],"collection":[{"href":"http:\/\/www.kututuruncu.com\/tr\/wp-json\/wp\/v2\/pages"}],"about":[{"href":"http:\/\/www.kututuruncu.com\/tr\/wp-json\/wp\/v2\/types\/page"}],"author":[{"embeddable":true,"href":"http:\/\/www.kututuruncu.com\/tr\/wp-json\/wp\/v2\/users\/1"}],"replies":[{"embeddable":true,"href":"http:\/\/www.kututuruncu.com\/tr\/wp-json\/wp\/v2\/comments?post=13426"}],"version-history":[{"count":1,"href":"http:\/\/www.kututuruncu.com\/tr\/wp-json\/wp\/v2\/pages\/13426\/revisions"}],"predecessor-version":[{"id":14509,"href":"http:\/\/www.kututuruncu.com\/tr\/wp-json\/wp\/v2\/pages\/13426\/revisions\/14509"}],"wp:attachment":[{"href":"http:\/\/www.kututuruncu.com\/tr\/wp-json\/wp\/v2\/media?parent=13426"}],"curies":[{"name":"wp","href":"https:\/\/api.w.org\/{rel}","templated":true}]}}