{"id":13415,"date":"2022-05-23T06:40:02","date_gmt":"2022-05-23T06:40:02","guid":{"rendered":"http:\/\/www.kututuruncu.com\/?page_id=13415"},"modified":"2022-08-08T09:46:00","modified_gmt":"2022-08-08T09:46:00","slug":"hakkimizda","status":"publish","type":"page","link":"http:\/\/www.kututuruncu.com\/tr\/hakkimizda\/","title":{"rendered":"Hakk\u0131m\u0131zda"},"content":{"rendered":"<section data-vc-full-width=\"true\" data-vc-full-width-init=\"false\" class=\"vc_section vc_section_visible custom-responsive-130334084 vc_custom_1653485724632\" data-section-name=\"\"><div class=\"pix_element_overlay  bg-primary-light\" style=\"pointer-events:none;;position:absolute;width:100%;height:100%;top:0;left:0;opacity:1;\"><\/div><div class=\"pix-divider pix-bottom-divider\" data-style=\"style-8\" style=\"bottom:-1px;\"><svg xmlns=\"http:\/\/www.w3.org\/2000\/svg\" width=\"100%\" height=\"300px\" viewBox=\"0 0 1200 366\" preserveAspectRatio=\"none\"><g class=\"animate-in\" data-anim-type=\"fade-in-up\" data-anim-delay=\"300\"><polygon fill=\"url(#divider-76079-bottom-overlay-layer-3)\" points=\"0 240 1200 0 1200 366 0 366\" \/><\/g><polygon fill=\"rgba(255,255,255,0.01)\"  points=\"0 300 1200 60 1200 366 0 366\" \/><polygon fill=\"#ffffff\" points=\"0 360 1200 120 1200 366 0 366\"\/><defs><linearGradient id=\"divider-76079-bottom-overlay-layer-3\" x1=\"0%\" y1=\"0%\" x2=\"100%\" y2=\"0%\"><stop offset=\"0%\"   stop-color=\"rgba(0,0,0,0.08)\"\/><stop offset=\"100%\"   stop-color=\"rgba(255,255,255,0.01)\"\/><\/linearGradient><\/defs><\/svg><\/div><div data-vc-full-width=\"true\" data-vc-full-width-init=\"false\" class=\"vc_row wpb_row vc_row-fluid vc_row_visible custom-responsive-8894762 vc_row-o-content-middle vc_row-flex\"><div class=\"wpb_column vc_column_container vc_col-sm-6 text-left\"><div class=\"vc_column-inner  vc_custom_1604715604745\"><div class=\"wpb_wrapper\"><div id=\"el1613521949772-0c712dee-cf78\" class=\"pix-highlighted-element text-left  vc_custom_1659951355232\"><h2 class=\"pix-highlighted-items \" style=\"\" data-anim-type=\"\" data-anim-delay=\"0\"><span class=\"\"><span class=\"pix-highlighted-text pix-highlight-item font-weight-normal  heading-font text-heading-default\">3000'den Fazla \u0130\u015fletme <\/span><\/span><span id=\"el1613521949772-0c712dee-cf78-1\" class=\"pix-highlight-bg align-middle2  el1613521949772-0c712dee-cf78-1 animate-in\" data-anim-type=\"highlight-grow\" data-anim-delay=\"200\"><span class=\"pix-highlighted-text  pix-highlight-item font-weight-normal  font-weight-bold heading-font text-heading-default\">Neden Kutu Turuncu'nun <\/span><\/span><span class=\"\"><span class=\"pix-highlighted-text pix-highlight-item font-weight-normal  heading-font text-heading-default\">Uzmanl\u0131\u011f\u0131na G\u00fcveniyor?<\/span><\/span><\/h2><\/div><div class=\"pix-el-text w-100   vc_custom_1653377913488\" ><p class=\"text-20  text-dark-opacity-5  \" >Bir projeyi bitirmenin \u00f6tesine ge\u00e7er. Profesyonel kutu \u00e7\u00f6z\u00fcmleriyle beklentileri a\u015fman\u0131za yard\u0131mc\u0131 olmak i\u00e7in m\u00fc\u015fteri ili\u015fkileri kurmaya ve enerjimizi yat\u0131rmaya \u00f6zen g\u00f6steriyoruz. Bize ihtiya\u00e7lar\u0131n\u0131z\u0131 s\u00f6yleyin.<\/p><\/div><a  href=\"http:\/\/www.kututuruncu.com\/modellerimiz\/\" class=\"btn mb-2     shadow-sm btn-primary d-inline-block pix-hover-item       btn-lg\"     ><i class=\"font-weight-bold pixicon-bars-menu  pix-hover-left  mr-1\"><\/i> <span class=\"font-weight-bold \" >Neye \u0130htiyac\u0131n\u0131z Var?<\/span><\/a><\/div><\/div><\/div><div class=\"wpb_column vc_column_container vc_col-sm-6 text-center\"><div class=\"vc_column-inner\"><div class=\"wpb_wrapper\"><div class=\"d-inline-block \" ><div class=\"pix-img-el    shadow-lg shadow-hover-lg scale-sm text-center d-inline-block  w-100 rounded-10\"  data-jarallax-element=\"50 \"><img loading=\"lazy\" decoding=\"async\" class=\"card-img2 pix-img-elem rounded-10  h-1002\" style=\"height:auto;\" width=\"540\" height=\"324\" srcset=\"https:\/\/www.kututuruncu.com\/wp-content\/uploads\/2022\/07\/fabric-1.webp 540w, https:\/\/www.kututuruncu.com\/wp-content\/uploads\/2022\/07\/fabric-1-300x180.webp 300w\" sizes=\"auto, (max-width: 540px) 100vw, 540px\" src=\"https:\/\/www.kututuruncu.com\/wp-content\/uploads\/2022\/07\/fabric-1.webp\" alt=\"\" \/><\/div><\/div><\/div><\/div><\/div><\/div><div class=\"vc_row-full-width vc_clearfix\"><\/div><\/section><div class=\"vc_row-full-width vc_clearfix\"><\/div><section data-vc-full-width=\"true\" data-vc-full-width-init=\"false\" class=\"vc_section vc_section_visible vc_custom_1613526954945 vc_section-has-fill\" data-section-name=\"\"><div data-vc-full-width=\"true\" data-vc-full-width-init=\"false\" class=\"vc_row wpb_row vc_row-fluid vc_row_visible custom-responsive-169543845 vc_custom_1613527124717\"><div class=\"wpb_column vc_column_container vc_col-sm-4 text-left\"><div class=\"vc_column-inner\"><div class=\"wpb_wrapper\"><div id=\"1607913718036-af97d663-59d8\" class=\"media  vc_custom_1653378053515\"><div class=\"mr-3 feature_img \"   style=\"position:relative;text-align:center;\"><i style=\"display:inline-block;font-size:64px;min-width:64px;line-height:64px;\" class=\"text-primary align-middle pixicon-badge-1\"><\/i><\/div><div class=\"media-body text-left\"><h5 class=\"font-weight-bold  secondary-font text-heading-default  \" style=\"\"  >M\u00fc\u015fteri Tak\u0131nt\u0131s\u0131<\/h5><div class=\"text-body-default text-18     \" style=\"padding-top:5px;\"  >M\u00fc\u015fterilerimiz bizim varl\u0131k sebebimizdir. Sars\u0131lmaz bir ba\u011fl\u0131l\u0131k ve odaklanma ile verdi\u011fimiz her karar ve eyleme m\u00fc\u015fteri ile ba\u015flar\u0131z.<\/div><\/div><\/div><\/div><\/div><\/div><div class=\"wpb_column vc_column_container vc_col-sm-4 text-left\"><div class=\"vc_column-inner\"><div class=\"wpb_wrapper\"><div id=\"1613526908919-91c92961-7cfd\" class=\"media  vc_custom_1653378110843\"><div class=\"mr-3 feature_img \"   style=\"position:relative;text-align:center;\"><i style=\"display:inline-block;font-size:64px;min-width:64px;line-height:64px;\" class=\"text-primary align-middle pixicon-card-lock\"><\/i><\/div><div class=\"media-body text-left\"><h5 class=\"font-weight-bold  secondary-font text-heading-default  \" style=\"\"  >Ortak Payla\u015f\u0131lan Bir Gelecek \u0130\u00e7in<\/h5><div class=\"text-body-default text-18     \" style=\"padding-top:5px;\"  >M\u00fc\u015fterilerimiz, \u00e7al\u0131\u015fanlar\u0131m\u0131z, sat\u0131c\u0131lar\u0131m\u0131z ve hissedarlar\u0131m\u0131z ile kar\u015f\u0131l\u0131kl\u0131 ba\u015far\u0131 i\u00e7in ortak bir gelece\u011fi besleyen ya\u015fam boyu ili\u015fkiler i\u00e7in \u00f6zen g\u00f6steriyor ve uyum sa\u011flamaya \u00e7al\u0131\u015f\u0131yoruz.<\/div><\/div><\/div><\/div><\/div><\/div><div class=\"wpb_column vc_column_container vc_col-sm-4 text-left\"><div class=\"vc_column-inner\"><div class=\"wpb_wrapper\"><div id=\"1607913718038-6917622f-cf64\" class=\"media  vc_custom_1653378143131\"><div class=\"mr-3 feature_img \"   style=\"position:relative;text-align:center;\"><i style=\"display:inline-block;font-size:48px;min-width:48px;line-height:48px;\" class=\"text-primary align-middle pixicon-luggage\"><\/i><\/div><div class=\"media-body text-left\"><h5 class=\"font-weight-bold  secondary-font text-heading-default  \" style=\"\"  >M\u00fckemmellik Hi\u00e7 Bitmez<\/h5><div class=\"text-body-default text-18     \" style=\"padding-top:5px;\"  >T\u00fcm i\u015f s\u00fcre\u00e7lerimizde ve fonksiyonlar\u0131m\u0131zda s\u00fcrekli olarak en y\u00fcksek verimlilik ve etkinlik i\u00e7in \u00e7al\u0131\u015f\u0131yoruz. Bir ba\u015far\u0131 ba\u015fka bir ba\u015flang\u0131\u00e7t\u0131r.<\/div><\/div><\/div><\/div><\/div><\/div><\/div><div class=\"vc_row-full-width vc_clearfix\"><\/div><div data-vc-full-width=\"true\" data-vc-full-width-init=\"false\" class=\"vc_row wpb_row vc_row-fluid vc_row_visible\"><div class=\"wpb_column vc_column_container vc_col-sm-4 text-left\"><div class=\"vc_column-inner\"><div class=\"wpb_wrapper\"><div id=\"1613527110847-a656ea35-6055\" class=\"media  vc_custom_1653378169921\"><div class=\"mr-3 feature_img \"   style=\"position:relative;text-align:center;\"><i style=\"display:inline-block;font-size:64px;min-width:64px;line-height:64px;\" class=\"text-primary align-middle pixicon-add-slides\"><\/i><\/div><div class=\"media-body text-left\"><h5 class=\"font-weight-bold  secondary-font text-heading-default  \" style=\"\"  >B\u00fct\u00fcnl\u00fck G\u00fcven Olu\u015fturur<\/h5><div class=\"text-body-default text-18     \" style=\"padding-top:5px;\"  >D\u00fcr\u00fcstl\u00fck olmadan ba\u015far\u0131 bir ba\u015far\u0131s\u0131zl\u0131kt\u0131r. \u0130\u015fleri ya do\u011fru \u015fekilde yapar\u0131z ya da hi\u00e7 yapmay\u0131z. Yapt\u0131\u011f\u0131m\u0131z her \u015feyde bize g\u00fcven kazand\u0131ran en y\u00fcksek standartlar\u0131 koruyoruz.<\/div><\/div><\/div><\/div><\/div><\/div><div class=\"wpb_column vc_column_container vc_col-sm-4 text-left\"><div class=\"vc_column-inner\"><div class=\"wpb_wrapper\"><div id=\"1613527110850-d162b9bd-076e\" class=\"media  vc_custom_1653378198013\"><div class=\"mr-3 feature_img \"   style=\"position:relative;text-align:center;\"><i style=\"display:inline-block;font-size:64px;min-width:64px;line-height:64px;\" class=\"text-primary align-middle pixicon-crown-1\"><\/i><\/div><div class=\"media-body text-left\"><h5 class=\"font-weight-bold  secondary-font text-heading-default  \" style=\"\"  >Yak\u0131t\u0131m\u0131z Tutkudur<\/h5><div class=\"text-body-default text-18     \" style=\"padding-top:5px;\"  >Bireysel yetenekleri en \u00fcst d\u00fczeye \u00e7\u0131kar\u0131rken, yenilik\u00e7ili\u011fi ve bulu\u015fu te\u015fvik etmek i\u00e7in bireysel tutkular\u0131 benimsiyor ve geli\u015ftiriyoruz. \u0130lerlemeyi te\u015fvik etmek i\u00e7in iddial\u0131 hedefleri te\u015fvik ediyoruz.<\/div><\/div><\/div><\/div><\/div><\/div><div class=\"wpb_column vc_column_container vc_col-sm-4 text-left\"><div class=\"vc_column-inner\"><div class=\"wpb_wrapper\"><div id=\"1613527110852-e0fb99cd-90f5\" class=\"media  vc_custom_1653378219013\"><div class=\"mr-3 feature_img \"   style=\"position:relative;text-align:center;\"><i style=\"display:inline-block;font-size:48px;min-width:48px;line-height:48px;\" class=\"text-primary align-middle pixicon-certified-1\"><\/i><\/div><div class=\"media-body text-left\"><h5 class=\"font-weight-bold  secondary-font text-heading-default  \" style=\"\"  >De\u011fi\u015fiklik Sabittir<\/h5><div class=\"text-body-default text-18     \" style=\"padding-top:5px;\"  >Her g\u00fcn d\u00fcnya de\u011fi\u015fiyor. Her de\u011fi\u015fikli\u011fin bir geli\u015fme f\u0131rsat\u0131 oldu\u011funu anlayarak, de\u011fi\u015fimi a\u00e7\u0131k fikirlilikle kucaklar\u0131z.<\/div><\/div><\/div><\/div><\/div><\/div><\/div><div class=\"vc_row-full-width vc_clearfix\"><\/div><\/section><div class=\"vc_row-full-width vc_clearfix\"><\/div><section id=\"pix_section_features\" data-vc-full-width=\"true\" data-vc-full-width-init=\"false\" class=\"vc_section vc_section_visible pix_section_features vc_custom_1653485642961 vc_section-has-fill vc_section-o-content-middle vc_section-flex\" data-section-name=\"\"><div class=\"pix_element_overlay  bg-gray-1\" style=\"pointer-events:none;;position:absolute;width:100%;height:100%;top:0;left:0;opacity:1;\"><\/div><div class=\"vc_row wpb_row vc_row-fluid vc_row_visible custom-responsive-196579307\"><div class=\"wpb_column vc_column_container vc_col-sm-12 text-left\"><div class=\"vc_column-inner\"><div class=\"wpb_wrapper\"><div class=\"pix-element-div w-100 text-left\"><h6 class=\"pix-badge-element d-inline-block mr-1 animate-in\" data-anim-type=\"fade-in-up\" data-anim-delay=\"0\"><span class=\"badge font-weight-bold secondary-font bg-gray-2  vc_custom_1653378347258  \" style=\" \"><span class=\"text-heading-default\" style=\"\">Kutu Turuncu<\/span><\/span><\/h6><\/div><div id=\"el1653378366346-bac52fc5-f226\" class=\"w-100 d-block \"><\/div><div id=\"el1653474221123-37d6e534-a410\" class=\"mb-3 text-left \"><h2 class=\"mb-32 pix-sliding-headline font-weight-bold secondary-font\" data-class=\"secondary-font text-primary\" data-style=\"\">TRNC Kutu Kimdir?<\/h2><\/div><div class=\"pix-el-text w-100  \" ><p class=\"text-20  text-body-default  \" ><span class=\"text-body-default animate-in d-inline-block\" data-anim-delay=\"1000\" data-anim-type=\"fade-in-up\">TRNC KUTU, 30 y\u0131ll\u0131k kutu tecr\u00fcbesi, 4000 m2 kapal\u0131 alan\u0131, kaliteli mukavva kutu ve<br \/>\n\u00e7al\u0131\u015ft\u0131\u011f\u0131 firmalarla olan d\u00fczg\u00fcn ili\u015fkileriyle, sekt\u00f6r\u00fcn en tecr\u00fcbeli firmalar\u0131ndan birisi<br \/>\nolarak uzun y\u0131llardan beri m\u00fc\u015fterilerine en iyi hizmeti sunmay\u0131 ilke edinmi\u015ftir.<\/br><br \/>\n<\/br><br \/>\nTRNC KUTU s\u00fcrd\u00fcr\u00fclebilir b\u00fcy\u00fcme potansiyeli ile kaliteden \u00f6d\u00fcn vermeden, m\u00fc\u015fteri<br \/>\nmemnuniyetini \u00f6n planda tutarak en iyi hizmeti sunarken; Teknolojiyi ve yenilikleri takip<br \/>\neden yap\u0131s\u0131yla farkl\u0131l\u0131klar yaratarak kaliteli \u00fcst\u00fcnl\u00fck sa\u011flamakt\u0131r.<\/br><br \/>\n<\/br><br \/>\nKutu tasar\u0131m at\u00f6lyemizde gelen i\u015fler, profesyonel ve yarat\u0131c\u0131 ekibimiz taraf\u0131ndan hayata<br \/>\nge\u00e7iriliyor. Uzman tasar\u0131m ekibimiz, m\u00fc\u015fteri temsilcilerimizden ald\u0131klar\u0131 talimatlar\u0131, siz<br \/>\nm\u00fc\u015fterilerimizin isteklerini \u00f6n planda tutmak kayd\u0131yla, kendi tasar\u0131m anlay\u0131\u015f\u0131m\u0131z\u0131n<br \/>\ns\u00fczgecinden ge\u00e7irerek be\u011feninize sunmaktad\u0131r.<\/br><br \/>\n<\/br><br \/>\nProfesyonel departman\u0131m\u0131z, ihtiya\u00e7lar\u0131n\u0131z\u0131 en \u00fcst d\u00fczeyde kar\u015f\u0131layacak birikime,<br \/>\nteknolojik altyap\u0131ya ve personele yat\u0131r\u0131m yapmaktad\u0131r. Kaliteye \u00f6nem veren ekibimiz, \u0130SO<br \/>\nstandartlar\u0131nda uygun kutu ve ambalaj \u00fcretimi yapmaktad\u0131r.<\/br><br \/>\n<\/br><br \/>\nUzman i\u015f g\u00fcc\u00fcm\u00fcz, geni\u015f makina parkurumuz, beklentilerinize uygun<br \/>\nprojelendirmelerimizle 30 y\u0131ld\u0131r, ambalaj d\u00fcnyas\u0131nda g\u00fczel fikirlerinizi profesyonel ve \u00f6zel<br \/>\n\u00e7\u00f6z\u00fcmlerimizle kar\u015f\u0131l\u0131yoruz. Etkin ve verimli y\u00f6ntemlerimiz, h\u0131zl\u0131, kaliteli ve titiz \u00fcretim<br \/>\nprensiplerimiz ge\u00e7mi\u015ften bug\u00fcne, bug\u00fcnden gelece\u011fe sizi yans\u0131t\u0131yor.<\/br><br \/>\n<\/br><br \/>\nt\u00fcm yenilikleri takip ederek, s\u00fcrekli bu y\u00f6nde yat\u0131r\u0131m yaparak, profesyonel kadromuz,<br \/>\n\u00fcretim ve bask\u0131 kalitemiz ile sizler i\u00e7in 24 saat \u00fcretmeye devam ediyoruz.<\/span><\/p><\/div><\/div><\/div><\/div><\/div><\/section><div class=\"vc_row-full-width vc_clearfix\"><\/div><section data-vc-full-width=\"true\" data-vc-full-width-init=\"false\" class=\"vc_section vc_section_visible vc_custom_1593132773050 vc_section-has-fill\" data-section-name=\"\"><div class=\"pix-divider pix-bottom-divider\" data-style=\"style-19\" style=\"bottom:-1px;\"><svg xmlns=\"http:\/\/www.w3.org\/2000\/svg\" width=\"100%\"  viewBox=\"0 0 1200 415\" preserveAspectRatio=\"none\"><path fill=\"#f8f9fa\" d=\"M9.09494702e-13,373.771254 C80.6666667,298.406109 159.333333,260.723537 236,260.723537 C421,260.723537 525,344.759008 670,273.729027 C789.088175,215.392262 940.369069,48.85905 1200,74.7885669 C1200,148.788567 1200,262.192378 1200,415 L1.0227342e-12,414.788567 L9.09494702e-13,373.771254 Z\"\/><defs><\/defs><\/svg><\/div><div class=\"vc_row wpb_row vc_row-fluid vc_row_visible\"><div class=\"wpb_column vc_column_container vc_col-sm-12 vc_col-md-offset-1 vc_col-md-10 text-center\"><div class=\"vc_column-inner\"><div class=\"wpb_wrapper\"><div class=\"pix-content-box card      vc_custom_1588760099650    rounded-10 shadow-inverse-lg bg- w-100  \"   ><div class=\"\" style=\"z-index:30;position:relative;\">\n\t<div class=\"wpb_video_widget wpb_content_element vc_clearfix   vc_video-aspect-ratio-169 vc_video-el-width-100 vc_video-align-left\" >\n\t\t<div class=\"wpb_wrapper\">\n\t\t\t\n\t\t\t<div class=\"wpb_video_wrapper\"><iframe loading=\"lazy\" title=\"Kutu Turuncu Teaser\" width=\"640\" height=\"360\" src=\"https:\/\/www.youtube.com\/embed\/vCHfDc-wToE?feature=oembed\" frameborder=\"0\" allow=\"accelerometer; autoplay; clipboard-write; encrypted-media; gyroscope; picture-in-picture; web-share\" referrerpolicy=\"strict-origin-when-cross-origin\" allowfullscreen><\/iframe><\/div>\n\t\t<\/div>\n\t<\/div>\n<div id=\"el1653027797974-e8910b82-4086\" class=\"mb-3 text-center  vc_custom_1653030819617\"><div class=\"d-inline-block\" style=\"max-width:600px;\"><h2 class=\"mb-32 pix-sliding-headline font-weight-bold secondary-font\" data-class=\"secondary-font text-heading-default\" data-style=\"\">Nas\u0131l \u00c7al\u0131\u015f\u0131yoruz?<\/h2><\/div><\/div><div class=\"pix-el-text w-100  \" ><div class=\"d-inline-block\" style=\"max-width:500px;\"><p class=\"text-20  text-body-default  \" ><span class=\"text-body-default animate-in d-inline-block\" data-anim-delay=\"400\" data-anim-type=\"fade-in-up\">\u00dcretim tesisimiz hakk\u0131nda bilgi almak ve yeniliklerimize \u015fahit olmak i\u00e7in bizi sosyal medya hesaplar\u0131m\u0131zdan takip edebilirsiniz.<\/span><\/p><\/div><\/div><\/div><\/div><\/div><\/div><\/div><\/div><\/section><div class=\"vc_row-full-width vc_clearfix\"><\/div><section data-vc-full-width=\"true\" data-vc-full-width-init=\"false\" class=\"vc_section vc_section_visible vc_custom_1591944552811 vc_section-has-fill\" data-section-name=\"\"><div data-vc-full-width=\"true\" data-vc-full-width-init=\"false\" class=\"vc_row wpb_row vc_row-fluid vc_row_visible vc_custom_1653030397695 vc_row-has-fill vc_row-o-content-middle vc_row-flex\"><div class=\"wpb_column vc_column_container vc_col-sm-6 vc_col-has-fill text-left\"><div class=\"vc_column-inner custom-responsive-138802188 vc_custom_1610073539463\"><div class=\"wpb_wrapper\"><div id=\"1609296259000-69b018b3-e64b\" class=\"pix-feature-el text-left  vc_custom_1653485691807\"><div class=\"d-inline-block animate-in\" data-anim-type=\"fade-in-up\" data-anim-delay=\"\" style=\"position:relative;text-align:center;\"><i style=\"display:inline-block;font-size:60px;line-height:60px;\" class=\"text-primary align-middle pixicon-diamond\"><\/i><\/div><h3 class=\"font-weight-bold   text-heading-default animate-in\" style=\"padding-top:20px;\" data-anim-type=\"fade-in-up\" data-anim-delay=\"100\">30 Y\u0131ll\u0131k mukavva kutu tecr\u00fcbemiz ile her zaman daha iyisi i\u00e7in buraday\u0131z.<\/h3><div class=\"text-body-default text-20     animate-in\" style=\"padding-top:15px;\" data-anim-type=\"fade-in-up\" data-anim-delay=\"200\">Mukavva kutu konusunda kendimizi geli\u015ftirerek, de\u011fi\u015ftirerek ve farkl\u0131 bak\u0131\u015f alanlar\u0131n\u0131n \u0131\u015f\u0131\u011f\u0131nda sizler i\u00e7in en iyi kutu a\u00e7ma deneyimini m\u00fc\u015fterilerinize ya\u015fatman\u0131z i\u00e7in buraday\u0131z.<\/div><\/div><\/div><\/div><\/div><div class=\"wpb_column vc_column_container vc_col-sm-6 text-left\"><div class=\"vc_column-inner custom-responsive-31434300 vc_custom_1610079269902\"><div class=\"wpb_wrapper\"><div class=\"d-inline-block \" ><div class=\"pix-img-el  vc_custom_1657786351643   shadow-inverse-lg shadow-inverse-hover-lg scale-inverse-sm text-center d-inline-block  w-100 rounded-xl\"  ><img loading=\"lazy\" decoding=\"async\" class=\"card-img2 pix-img-elem rounded-xl  h-1002\" style=\"height:auto;\" width=\"626\" height=\"352\" srcset=\"https:\/\/www.kututuruncu.com\/wp-content\/uploads\/2022\/07\/loreal.webp 626w, https:\/\/www.kututuruncu.com\/wp-content\/uploads\/2022\/07\/loreal-300x169.webp 300w\" sizes=\"auto, (max-width: 626px) 100vw, 626px\" src=\"https:\/\/www.kututuruncu.com\/wp-content\/uploads\/2022\/07\/loreal.webp\" alt=\"\" \/><\/div><\/div><div class=\"pix-el-text w-100 text-center \" ><p class=\"  text-body-default text-center font-weight-bold\" >Sorular\u0131n\u0131z ve bilgi almak i\u00e7in.<\/p><\/div><div class=\"d-block w-100 text-center\"><a  href=\"http:\/\/www.kututuruncu.com\/iletisim\/\" class=\"btn mb-2     btn-link text-secondary d-inline-block pix-hover-item  no-padding     pix-btn-div btn-lg\"     ><span class=\"font-weight-bold \" >Bilgilerinizi b\u0131rak\u0131n.<\/span> <i class=\"font-weight-bold pixicon-angle-circle-right  pix-hover-right  ml-1\"><\/i><\/a><\/div><\/div><\/div><\/div><\/div><div class=\"vc_row-full-width vc_clearfix\"><\/div><\/section><div class=\"vc_row-full-width vc_clearfix\"><\/div><section data-vc-full-width=\"true\" data-vc-full-width-init=\"false\" class=\"vc_section vc_section_visible custom-responsive-982806 vc_custom_1653284079354\" data-section-name=\"\"><div class=\"pix_element_overlay  bg-gray-1\" style=\"pointer-events:none;;position:absolute;width:100%;height:100%;top:0;left:0;opacity:1;\"><\/div><div class=\"pix-divider pix-bottom-divider\" data-style=\"style-8\" style=\"bottom:-1px;\"><svg xmlns=\"http:\/\/www.w3.org\/2000\/svg\" width=\"100%\" height=\"300px\" viewBox=\"0 0 1200 366\" preserveAspectRatio=\"none\"><polygon fill=\"#ffffff\" points=\"0 360 1200 120 1200 366 0 366\"\/><defs><\/defs><\/svg><\/div><div class=\"vc_row wpb_row vc_row-fluid vc_row_visible vc_row-o-content-middle vc_row-flex\"><div class=\"wpb_column vc_column_container vc_col-sm-12 text-center\"><div class=\"vc_column-inner\"><div class=\"wpb_wrapper\"><div id=\"el1653040736943-4a28faf1-54bb\" class=\"mb-3 text-center  vc_custom_1653040968783\"><div class=\"d-inline-block\" style=\"max-width:600px;\"><h3 class=\"mb-32 pix-sliding-headline font-weight-bold secondary-font\" data-class=\"secondary-font text-heading-default\" data-style=\"\">Bizimle \u0130leti\u015fime Ge\u00e7in!<\/h3><\/div><\/div><div class=\"pix-el-text w-100 text-center  vc_custom_1653283896940\" ><div class=\"d-inline-block\" style=\"max-width:1000px;\"><p class=\"text-18  text-body-default text-center \" ><span class=\"text-body-default animate-in d-inline-block\" data-anim-delay=\"1000\" data-anim-type=\"fade-in-up\">Kendini i\u015fine adam\u0131\u015f uzmanlar\u0131m\u0131z, paketleme yolculu\u011funuzun her ad\u0131m\u0131nda size yard\u0131mc\u0131 olmak i\u00e7in buradalar. Bir teklife mi ihtiyac\u0131n\u0131z var veya sorular\u0131n\u0131z m\u0131 var? Bize bildirin, size elimizden gelen her \u015fekilde yard\u0131mc\u0131 olmak i\u00e7in elimizden gelenin en iyisini yapaca\u011f\u0131z!<\/span><\/p><\/div><\/div><a  href=\"http:\/\/www.kututuruncu.com\/iletisim\/\" class=\"btn mb-2     btn-primary-light d-inline-block pix-hover-item      btn-rounded animate-in btn-md\"   data-anim-type=\"fade-in-up\" data-anim-delay=\"800\" ><i class=\"font-weight-bold pixicon-eye-1  pix-hover-left  mr-1\"><\/i> <span class=\"font-weight-bold \" >Fiyat Teklif Formu<\/span><\/a><\/div><\/div><\/div><\/div><\/section><div class=\"vc_row-full-width vc_clearfix\"><\/div>\n","protected":false},"excerpt":{"rendered":"3000'den Fazla \u0130\u015fletme Neden Kutu Turuncu'nun Uzmanl\u0131\u011f\u0131na G\u00fcveniyor?Bir projeyi bitirmenin \u00f6tesine ge\u00e7er. Profesyonel kutu \u00e7\u00f6z\u00fcmleriyle beklentileri a\u015fman\u0131za yard\u0131mc\u0131 olmak i\u00e7in m\u00fc\u015fteri ili\u015fkileri kurmaya ve enerjimizi yat\u0131rmaya \u00f6zen g\u00f6steriyoruz. Bize ihtiya\u00e7lar\u0131n\u0131z\u0131 s\u00f6yleyin. Neye \u0130htiyac\u0131n\u0131z Var?M\u00fc\u015fteri Tak\u0131nt\u0131s\u0131M\u00fc\u015fterilerimiz bizim varl\u0131k sebebimizdir. Sars\u0131lmaz bir...","protected":false},"author":1,"featured_media":0,"parent":0,"menu_order":0,"comment_status":"closed","ping_status":"closed","template":"","meta":{"_joinchat":[],"footnotes":""},"class_list":["post-13415","page","type-page","status-publish","hentry"],"_links":{"self":[{"href":"http:\/\/www.kututuruncu.com\/tr\/wp-json\/wp\/v2\/pages\/13415","targetHints":{"allow":["GET"]}}],"collection":[{"href":"http:\/\/www.kututuruncu.com\/tr\/wp-json\/wp\/v2\/pages"}],"about":[{"href":"http:\/\/www.kututuruncu.com\/tr\/wp-json\/wp\/v2\/types\/page"}],"author":[{"embeddable":true,"href":"http:\/\/www.kututuruncu.com\/tr\/wp-json\/wp\/v2\/users\/1"}],"replies":[{"embeddable":true,"href":"http:\/\/www.kututuruncu.com\/tr\/wp-json\/wp\/v2\/comments?post=13415"}],"version-history":[{"count":3,"href":"http:\/\/www.kututuruncu.com\/tr\/wp-json\/wp\/v2\/pages\/13415\/revisions"}],"predecessor-version":[{"id":14340,"href":"http:\/\/www.kututuruncu.com\/tr\/wp-json\/wp\/v2\/pages\/13415\/revisions\/14340"}],"wp:attachment":[{"href":"http:\/\/www.kututuruncu.com\/tr\/wp-json\/wp\/v2\/media?parent=13415"}],"curies":[{"name":"wp","href":"https:\/\/api.w.org\/{rel}","templated":true}]}}