{"id":13512,"date":"2022-05-27T13:10:21","date_gmt":"2022-05-27T13:10:21","guid":{"rendered":"http:\/\/www.kututuruncu.com\/?page_id=13512"},"modified":"2022-05-28T09:35:08","modified_gmt":"2022-05-28T09:35:08","slug":"kutu-kapak","status":"publish","type":"page","link":"http:\/\/www.kututuruncu.com\/en\/kutu-kapak\/","title":{"rendered":"Base+lid box"},"content":{"rendered":"<section data-vc-full-width=\"true\" data-vc-full-width-init=\"false\" class=\"vc_section vc_section_visible custom-responsive-60237084 vc_custom_1614191317662\" data-section-name=\"\"><div class=\"pix_element_overlay  bg-gray-1\" style=\"pointer-events:none;;position:absolute;width:100%;height:100%;top:0;left:0;opacity:1;\"><\/div><div class=\"pix-divider pix-bottom-divider\" data-style=\"style-8\" style=\"bottom:-1px;\"><svg xmlns=\"http:\/\/www.w3.org\/2000\/svg\" width=\"100%\" height=\"300px\" viewbox=\"0 0 1200 366\" preserveaspectratio=\"none\"><g class=\"animate-in\" data-anim-type=\"fade-in-up\" data-anim-delay=\"300\"><polygon fill=\"url(#divider-41993-bottom-overlay-layer-3)\" points=\"0 240 1200 0 1200 366 0 366\" \/><\/g><polygon fill=\"rgba(255,255,255,0.01)\"  points=\"0 300 1200 60 1200 366 0 366\" \/><polygon fill=\"#ffffff\" points=\"0 360 1200 120 1200 366 0 366\"\/><defs><lineargradient id=\"divider-41993-bottom-overlay-layer-3\" x1=\"0%\" y1=\"0%\" x2=\"100%\" y2=\"0%\"><stop offset=\"0%\"   stop-color=\"rgba(0,0,0,0.08)\"\/><stop offset=\"100%\"   stop-color=\"rgba(255,255,255,0.01)\"\/><\/lineargradient><\/defs><\/svg><\/div><div data-vc-full-width=\"true\" data-vc-full-width-init=\"false\" class=\"vc_row wpb_row vc_row-fluid vc_row_visible custom-responsive-14583989 vc_custom_1653574399551 vc_row-o-content-middle vc_row-flex\"><div class=\"wpb_column vc_column_container vc_col-sm-6 text-left\"><div class=\"vc_column-inner  vc_custom_1604715604745\"><div class=\"wpb_wrapper\"><div id=\"el1653573559717-ee4b9274-9049\" class=\"w-100 d-block\"><\/div><div id=\"el1613521949772-0c712dee-cf78\" class=\"pix-highlighted-element text-left  vc_custom_1653662369259\"><h2 class=\"pix-highlighted-items\" style=\"\" data-anim-type=\"\" data-anim-delay=\"0\"><span class=\"\"><span class=\"pix-highlighted-text pix-highlight-item font-weight-normal  heading-font text-heading-default\">Mukavva <\/span><\/span><span id=\"el1613521949772-0c712dee-cf78-1\" class=\"pix-highlight-bg align-middle2  el1613521949772-0c712dee-cf78-1 animate-in\" data-anim-type=\"highlight-grow\" data-anim-delay=\"200\"><span class=\"pix-highlighted-text  pix-highlight-item font-weight-normal  font-weight-bold heading-font text-heading-default\">Kutu <\/span><\/span><span class=\"\"><span class=\"pix-highlighted-text pix-highlight-item font-weight-normal  heading-font text-heading-default\">Kapak.<\/span><\/span><\/h2><\/div><div class=\"pix-el-text w-100   vc_custom_1653636349116\" ><p class=\"text-20  text-dark-opacity-5\" >\u00c7ekmeceli formu ile m\u00fc\u015fterilerimiz i\u00e7in e\u015fsiz bir kutu deneyimi sunuyoruz.<\/p><\/div><a  href=\"#\" class=\"btn mb-2     shadow-sm text-heading-default btn-white d-inline-block pix-hover-item       btn-lg\"     ><i class=\"font-weight-bold pixicon-coins-hand  pix-hover-left  mr-1\"><\/i> <span class=\"font-weight-bold\" >Fiyat Teklifi Al\u0131n.<\/span><\/a><div class=\"pix-el-text w-100   vc_custom_1653574257761\" ><p class=\"m-0 text-dark-opacity-5  font-weight-bold\" >*Fiyat teklifleri 24 saat i\u00e7erisinde haz\u0131rlan\u0131r.<\/p><\/div><\/div><\/div><\/div><div class=\"wpb_column vc_column_container vc_col-sm-6 text-center\"><div class=\"vc_column-inner\"><div class=\"wpb_wrapper\"><\/div><\/div><\/div><\/div><div class=\"vc_row-full-width vc_clearfix\"><\/div><\/section><div class=\"vc_row-full-width vc_clearfix\"><\/div><section data-vc-full-width=\"true\" data-vc-full-width-init=\"false\" class=\"vc_section vc_section_visible custom-responsive-90534007 vc_custom_1614191797476 vc_section-has-fill\" data-section-name=\"\"><div class=\"vc_row wpb_row vc_row-fluid vc_row_visible custom-responsive-44905469 vc_custom_1613524951106\"><div class=\"wpb_column vc_column_container vc_col-sm-12 text-left\"><div class=\"vc_column-inner\"><div class=\"wpb_wrapper\"><div class=\"pix-element-div w-100 text-center\"><h6 class=\"pix-badge-element d-inline-block mr-1 animate-in\" data-anim-type=\"fade-in-up\" data-anim-delay=\"0\"><span class=\"badge font-weight-bold secondary-font bg-gray-2  vc_custom_1653574426702\" style=\" \"><span class=\"text-heading-default\" style=\"\">TRNC BOX<\/span><\/span><\/h6><\/div><div id=\"el1603925735052-9e8ebf61-2524\" class=\"pix-highlighted-element text-center  vc_custom_1653721502405\"><div class=\"d-inline-block\" style=\"max-width:600px;\"><h2 class=\"pix-highlighted-items\" style=\"\" data-anim-type=\"\" data-anim-delay=\"0\"><span class=\"\"><span class=\"pix-highlighted-text pix-highlight-item font-weight-normal  heading-font text-heading-default\">Mukavva <\/span><\/span><span id=\"el1603925735052-9e8ebf61-2524-1\" class=\"pix-highlight-bg align-middle2  el1603925735052-9e8ebf61-2524-1 animate-in\" data-anim-type=\"highlight-grow\" data-anim-delay=\"200\"><span class=\"pix-highlighted-text  pix-highlight-item font-weight-normal  font-weight-bold heading-font text-heading-default\">Kutu <\/span><\/span><span class=\"\"><span class=\"pix-highlighted-text pix-highlight-item font-weight-normal  heading-font text-heading-default\">Kapak.<\/span><\/span><\/h2><\/div><\/div><\/div><\/div><\/div><\/div><div class=\"vc_row wpb_row vc_row-fluid vc_row_visible\"><div class=\"wpb_column vc_column_container vc_col-sm-12 text-left\"><div class=\"vc_column-inner\"><div class=\"wpb_wrapper\"><div class=\"pix-lightbox\"><div class=\"pix_masonry  pix-3-columns\" style=\"width:100%\"><div class=\"grid-sizer\"><\/div><div class=\"gutter-sizer\"><\/div><div class=\"grid-item grid-item--width2 pix-mb-20\"><a class=\"card pix-lightbox pix-lightbox-item pix-hover-item  rounded-lg\" data-fancybox=\"gallery\" data-caption=\"\" href=\"https:\/\/www.kututuruncu.com\/wp-content\/uploads\/2022\/05\/fonfque2.jpg\"><img decoding=\"async\" class=\"card-img  rounded-lg pix-gallery-item pix-gallery-lg\" src=\"https:\/\/www.kututuruncu.com\/wp-content\/uploads\/2022\/05\/fonfque2.jpg\" alt=\"\" \/><div class=\"card-img-overlay d-flex align-items-end pix-p-10\"><\/div><\/a><\/div><div class=\"grid-item pix-mb-20\"><a class=\"card pix-lightbox pix-lightbox-item pix-hover-item  rounded-lg\" data-fancybox=\"gallery\" data-caption=\"\" href=\"https:\/\/www.kututuruncu.com\/wp-content\/uploads\/2022\/05\/fonfque3.jpg\"><img decoding=\"async\" class=\"card-img  rounded-lg pix-gallery-item pix-gallery-sm\" src=\"https:\/\/www.kututuruncu.com\/wp-content\/uploads\/2022\/05\/fonfque3.jpg\" alt=\"\" \/><div class=\"card-img-overlay d-flex align-items-end pix-p-10\"><\/div><\/a><\/div><div class=\"grid-item pix-mb-20\"><a class=\"card pix-lightbox pix-lightbox-item pix-hover-item  rounded-lg\" data-fancybox=\"gallery\" data-caption=\"\" href=\"https:\/\/www.kututuruncu.com\/wp-content\/uploads\/2022\/05\/cosmos1.jpg\"><img decoding=\"async\" class=\"card-img  rounded-lg pix-gallery-item pix-gallery-sm\" src=\"https:\/\/www.kututuruncu.com\/wp-content\/uploads\/2022\/05\/cosmos1.jpg\" alt=\"\" \/><div class=\"card-img-overlay d-flex align-items-end pix-p-10\"><\/div><\/a><\/div><div class=\"grid-item pix-mb-20\"><a class=\"card pix-lightbox pix-lightbox-item pix-hover-item  rounded-lg\" data-fancybox=\"gallery\" data-caption=\"\" href=\"https:\/\/www.kututuruncu.com\/wp-content\/uploads\/2022\/05\/locciate1.jpg\"><img decoding=\"async\" class=\"card-img  rounded-lg pix-gallery-item pix-gallery-sm\" src=\"https:\/\/www.kututuruncu.com\/wp-content\/uploads\/2022\/05\/locciate1.jpg\" alt=\"\" \/><div class=\"card-img-overlay d-flex align-items-end pix-p-10\"><\/div><\/a><\/div><div class=\"grid-item pix-mb-20\"><a class=\"card pix-lightbox pix-lightbox-item pix-hover-item  rounded-lg\" data-fancybox=\"gallery\" data-caption=\"\" href=\"https:\/\/www.kututuruncu.com\/wp-content\/uploads\/2022\/05\/ted-baker-mor1.jpg\"><img decoding=\"async\" class=\"card-img  rounded-lg pix-gallery-item pix-gallery-sm\" src=\"https:\/\/www.kututuruncu.com\/wp-content\/uploads\/2022\/05\/ted-baker-mor1.jpg\" alt=\"\" \/><div class=\"card-img-overlay d-flex align-items-end pix-p-10\"><\/div><\/a><\/div><div class=\"grid-item pix-mb-20\"><a class=\"card pix-hover-item  rounded-lg\" href=\"https:\/\/1.envato.market\/Essentials\" target=\"_blank\" title=\"\" rel=\"\"><img decoding=\"async\" class=\"card-img  rounded-lg pix-gallery-item pix-gallery-lg\" src=\"https:\/\/www.kututuruncu.com\/wp-content\/uploads\/2022\/05\/hatun1.jpg\" alt=\"\" \/><div class=\"card-img-overlay d-flex align-items-end pix-p-10\"><\/div><\/a><\/div><div class=\"grid-item grid-item--width2 pix-mb-20\"><a class=\"card pix-lightbox pix-lightbox-item pix-hover-item  rounded-lg\" data-fancybox=\"gallery\" data-caption=\"\" href=\"https:\/\/www.kututuruncu.com\/wp-content\/uploads\/2022\/05\/frei-wild2.jpg\"><img decoding=\"async\" class=\"card-img  rounded-lg pix-gallery-item pix-gallery-sm\" src=\"https:\/\/www.kututuruncu.com\/wp-content\/uploads\/2022\/05\/frei-wild2.jpg\" alt=\"\" \/><div class=\"card-img-overlay d-flex align-items-end pix-p-10\"><\/div><\/a><\/div><div class=\"grid-item grid-item--width2 pix-mb-20\"><a class=\"card pix-lightbox pix-lightbox-item pix-hover-item  rounded-lg\" data-fancybox=\"gallery\" data-caption=\"\" href=\"https:\/\/www.kututuruncu.com\/wp-content\/uploads\/2022\/05\/hermes1.jpg\"><img decoding=\"async\" class=\"card-img  rounded-lg pix-gallery-item pix-gallery-lg\" src=\"https:\/\/www.kututuruncu.com\/wp-content\/uploads\/2022\/05\/hermes1.jpg\" alt=\"\" \/><div class=\"card-img-overlay d-flex align-items-end pix-p-10\"><\/div><\/a><\/div><div class=\"grid-item pix-mb-20\"><a class=\"card pix-lightbox pix-lightbox-item pix-hover-item  rounded-lg\" data-fancybox=\"gallery\" data-caption=\"\" href=\"https:\/\/www.kututuruncu.com\/wp-content\/uploads\/2022\/05\/saat-saat-2.jpg\"><img decoding=\"async\" class=\"card-img  rounded-lg pix-gallery-item pix-gallery-sm\" src=\"https:\/\/www.kututuruncu.com\/wp-content\/uploads\/2022\/05\/saat-saat-2.jpg\" alt=\"\" \/><div class=\"card-img-overlay d-flex align-items-end pix-p-10\"><\/div><\/a><\/div><div class=\"grid-item pix-mb-20\"><a class=\"card pix-lightbox pix-lightbox-item pix-hover-item  rounded-lg\" data-fancybox=\"gallery\" data-caption=\"\" href=\"https:\/\/www.kututuruncu.com\/wp-content\/uploads\/2022\/05\/saat-saat-1.jpg\"><img decoding=\"async\" class=\"card-img  rounded-lg pix-gallery-item pix-gallery-sm\" src=\"https:\/\/www.kututuruncu.com\/wp-content\/uploads\/2022\/05\/saat-saat-1.jpg\" alt=\"\" \/><div class=\"card-img-overlay d-flex align-items-end pix-p-10\"><\/div><\/a><\/div><div class=\"grid-item pix-mb-20\"><a class=\"card pix-lightbox pix-lightbox-item pix-hover-item  rounded-lg\" data-fancybox=\"gallery\" data-caption=\"\" href=\"https:\/\/www.kututuruncu.com\/wp-content\/uploads\/2022\/05\/hazzin-oyunu1.jpg\"><img decoding=\"async\" class=\"card-img  rounded-lg pix-gallery-item pix-gallery-sm\" src=\"https:\/\/www.kututuruncu.com\/wp-content\/uploads\/2022\/05\/hazzin-oyunu1.jpg\" alt=\"\" \/><div class=\"card-img-overlay d-flex align-items-end pix-p-10\"><\/div><\/a><\/div><div class=\"grid-item pix-mb-20\"><a class=\"card pix-lightbox pix-lightbox-item pix-hover-item  rounded-lg\" data-fancybox=\"gallery\" data-caption=\"\" href=\"https:\/\/www.kututuruncu.com\/wp-content\/uploads\/2022\/05\/hazzin-oyunu2.jpg\"><img decoding=\"async\" class=\"card-img  rounded-lg pix-gallery-item pix-gallery-sm\" src=\"https:\/\/www.kututuruncu.com\/wp-content\/uploads\/2022\/05\/hazzin-oyunu2.jpg\" alt=\"\" \/><div class=\"card-img-overlay d-flex align-items-end pix-p-10\"><\/div><\/a><\/div><div class=\"grid-item pix-mb-20\"><a class=\"card pix-lightbox pix-lightbox-item pix-hover-item  rounded-lg\" data-fancybox=\"gallery\" data-caption=\"\" href=\"https:\/\/www.kututuruncu.com\/wp-content\/uploads\/2022\/05\/frei-wild.jpg\"><img decoding=\"async\" class=\"card-img  rounded-lg pix-gallery-item pix-gallery-sm\" src=\"https:\/\/www.kututuruncu.com\/wp-content\/uploads\/2022\/05\/frei-wild.jpg\" alt=\"\" \/><div class=\"card-img-overlay d-flex align-items-end pix-p-10\"><\/div><\/a><\/div><\/div><\/div><\/div><\/div><\/div><\/div><div class=\"vc_row wpb_row vc_row-fluid vc_row_visible custom-responsive-69155974 vc_custom_1614198948971\"><div class=\"wpb_column vc_column_container vc_col-sm-12 text-left\"><div class=\"vc_column-inner\"><div class=\"wpb_wrapper\"><\/div><\/div><\/div><\/div><\/section><div class=\"vc_row-full-width vc_clearfix\"><\/div>","protected":false},"excerpt":{"rendered":"Mukavva Kutu Kapak.\u00c7ekmeceli formu ile m\u00fc\u015fterilerimiz i\u00e7in e\u015fsiz bir kutu deneyimi sunuyoruz. Fiyat Teklifi Al\u0131n.*Fiyat teklifleri 24 saat i\u00e7erisinde haz\u0131rlan\u0131r.Kutu TuruncuMukavva Kutu Kapak.","protected":false},"author":1,"featured_media":0,"parent":0,"menu_order":0,"comment_status":"closed","ping_status":"closed","template":"","meta":{"_joinchat":[],"footnotes":""},"class_list":["post-13512","page","type-page","status-publish","hentry"],"_links":{"self":[{"href":"http:\/\/www.kututuruncu.com\/en\/wp-json\/wp\/v2\/pages\/13512","targetHints":{"allow":["GET"]}}],"collection":[{"href":"http:\/\/www.kututuruncu.com\/en\/wp-json\/wp\/v2\/pages"}],"about":[{"href":"http:\/\/www.kututuruncu.com\/en\/wp-json\/wp\/v2\/types\/page"}],"author":[{"embeddable":true,"href":"http:\/\/www.kututuruncu.com\/en\/wp-json\/wp\/v2\/users\/1"}],"replies":[{"embeddable":true,"href":"http:\/\/www.kututuruncu.com\/en\/wp-json\/wp\/v2\/comments?post=13512"}],"version-history":[{"count":0,"href":"http:\/\/www.kututuruncu.com\/en\/wp-json\/wp\/v2\/pages\/13512\/revisions"}],"wp:attachment":[{"href":"http:\/\/www.kututuruncu.com\/en\/wp-json\/wp\/v2\/media?parent=13512"}],"curies":[{"name":"wp","href":"https:\/\/api.w.org\/{rel}","templated":true}]}}