{"id":13415,"date":"2022-05-23T06:40:02","date_gmt":"2022-05-23T06:40:02","guid":{"rendered":"http:\/\/www.kututuruncu.com\/?page_id=13415"},"modified":"2022-08-08T09:46:00","modified_gmt":"2022-08-08T09:46:00","slug":"hakkimizda","status":"publish","type":"page","link":"http:\/\/www.kututuruncu.com\/en\/hakkimizda\/","title":{"rendered":"About us"},"content":{"rendered":"<section data-vc-full-width=\"true\" data-vc-full-width-init=\"false\" class=\"vc_section vc_section_visible custom-responsive-187129443 vc_custom_1653485724632\" data-section-name=\"\"><div class=\"pix_element_overlay  bg-primary-light\" style=\"pointer-events:none;;position:absolute;width:100%;height:100%;top:0;left:0;opacity:1;\"><\/div><div class=\"pix-divider pix-bottom-divider\" data-style=\"style-8\" style=\"bottom:-1px;\"><svg xmlns=\"http:\/\/www.w3.org\/2000\/svg\" width=\"100%\" height=\"300px\" viewbox=\"0 0 1200 366\" preserveaspectratio=\"none\"><g class=\"animate-in\" data-anim-type=\"fade-in-up\" data-anim-delay=\"300\"><polygon fill=\"url(#divider-78720-bottom-overlay-layer-3)\" points=\"0 240 1200 0 1200 366 0 366\" \/><\/g><polygon fill=\"rgba(255,255,255,0.01)\"  points=\"0 300 1200 60 1200 366 0 366\" \/><polygon fill=\"#ffffff\" points=\"0 360 1200 120 1200 366 0 366\"\/><defs><lineargradient id=\"divider-78720-bottom-overlay-layer-3\" x1=\"0%\" y1=\"0%\" x2=\"100%\" y2=\"0%\"><stop offset=\"0%\"   stop-color=\"rgba(0,0,0,0.08)\"\/><stop offset=\"100%\"   stop-color=\"rgba(255,255,255,0.01)\"\/><\/lineargradient><\/defs><\/svg><\/div><div data-vc-full-width=\"true\" data-vc-full-width-init=\"false\" class=\"vc_row wpb_row vc_row-fluid vc_row_visible custom-responsive-160212639 vc_row-o-content-middle vc_row-flex\"><div class=\"wpb_column vc_column_container vc_col-sm-6 text-left\"><div class=\"vc_column-inner  vc_custom_1604715604745\"><div class=\"wpb_wrapper\"><div id=\"el1613521949772-0c712dee-cf78\" class=\"pix-highlighted-element text-left  vc_custom_1659951355232\"><h2 class=\"pix-highlighted-items\" style=\"\" data-anim-type=\"\" data-anim-delay=\"0\"><span class=\"\"><span class=\"pix-highlighted-text pix-highlight-item font-weight-normal  heading-font text-heading-default\">Why more than 3000 companies <\/span><\/span><span id=\"el1613521949772-0c712dee-cf78-1\" class=\"pix-highlight-bg align-middle2  el1613521949772-0c712dee-cf78-1 animate-in\" data-anim-type=\"highlight-grow\" data-anim-delay=\"200\"><span class=\"pix-highlighted-text  pix-highlight-item font-weight-normal  font-weight-bold heading-font text-heading-default\">trust <\/span><\/span><span class=\"\"><span class=\"pix-highlighted-text pix-highlight-item font-weight-normal  heading-font text-heading-default\">experience of TRNC Box?<\/span><\/span><\/h2><\/div><div class=\"pix-el-text w-100   vc_custom_1653377913488\" ><p class=\"text-20  text-dark-opacity-5\" >TRNC Box is beyond finishing a projects. We care for our clients' needs about box and packaging with professional skills and communication. Tell us your expectations.<\/p><\/div><a  href=\"http:\/\/www.kututuruncu.com\/en\/modellerimiz\/\" class=\"btn mb-2     shadow-sm btn-primary d-inline-block pix-hover-item       btn-lg\"     ><i class=\"font-weight-bold pixicon-bars-menu  pix-hover-left  mr-1\"><\/i> <span class=\"font-weight-bold\" >What do you need?<\/span><\/a><\/div><\/div><\/div><div class=\"wpb_column vc_column_container vc_col-sm-6 text-center\"><div class=\"vc_column-inner\"><div class=\"wpb_wrapper\"><div class=\"d-inline-block\" ><div class=\"pix-img-el    shadow-lg shadow-hover-lg scale-sm text-center d-inline-block  w-100 rounded-10\"  data-jarallax-element=\"50 \"><img loading=\"lazy\" decoding=\"async\" class=\"card-img2 pix-img-elem rounded-10  h-1002\" style=\"height:auto;\" width=\"540\" height=\"324\" srcset=\"https:\/\/www.kututuruncu.com\/wp-content\/uploads\/2022\/07\/fabric-1.webp 540w, https:\/\/www.kututuruncu.com\/wp-content\/uploads\/2022\/07\/fabric-1-300x180.webp 300w\" sizes=\"auto, (max-width: 540px) 100vw, 540px\" src=\"https:\/\/www.kututuruncu.com\/wp-content\/uploads\/2022\/07\/fabric-1.webp\" alt=\"\" \/><\/div><\/div><\/div><\/div><\/div><\/div><div class=\"vc_row-full-width vc_clearfix\"><\/div><\/section><div class=\"vc_row-full-width vc_clearfix\"><\/div><section data-vc-full-width=\"true\" data-vc-full-width-init=\"false\" class=\"vc_section vc_section_visible vc_custom_1613526954945 vc_section-has-fill\" data-section-name=\"\"><div data-vc-full-width=\"true\" data-vc-full-width-init=\"false\" class=\"vc_row wpb_row vc_row-fluid vc_row_visible custom-responsive-18932718 vc_custom_1613527124717\"><div class=\"wpb_column vc_column_container vc_col-sm-4 text-left\"><div class=\"vc_column-inner\"><div class=\"wpb_wrapper\"><div id=\"1607913718036-af97d663-59d8\" class=\"media  vc_custom_1653378053515\"><div class=\"mr-3 feature_img\"   style=\"position:relative;text-align:center;\"><i style=\"display:inline-block;font-size:64px;min-width:64px;line-height:64px;\" class=\"text-primary align-middle pixicon-badge-1\"><\/i><\/div><div class=\"media-body text-left\"><h5 class=\"font-weight-bold  secondary-font text-heading-default\" style=\"\"  >Clients' benefits<\/h5><div class=\"text-body-default text-18\" style=\"padding-top:5px;\"  >We consider ourselves a team with our clients' in order to provide the best service. We start to a project with our clients' need and expectation with concentration.<\/div><\/div><\/div><\/div><\/div><\/div><div class=\"wpb_column vc_column_container vc_col-sm-4 text-left\"><div class=\"vc_column-inner\"><div class=\"wpb_wrapper\"><div id=\"1613526908919-91c92961-7cfd\" class=\"media  vc_custom_1653378110843\"><div class=\"mr-3 feature_img\"   style=\"position:relative;text-align:center;\"><i style=\"display:inline-block;font-size:64px;min-width:64px;line-height:64px;\" class=\"text-primary align-middle pixicon-card-lock\"><\/i><\/div><div class=\"media-body text-left\"><h5 class=\"font-weight-bold  secondary-font text-heading-default\" style=\"\"  >Together for a shared future<\/h5><div class=\"text-body-default text-18\" style=\"padding-top:5px;\"  >We work for a successful future for our team, suppliers, clients', and we aim for a lifelong business relationships.<\/div><\/div><\/div><\/div><\/div><\/div><div class=\"wpb_column vc_column_container vc_col-sm-4 text-left\"><div class=\"vc_column-inner\"><div class=\"wpb_wrapper\"><div id=\"1607913718038-6917622f-cf64\" class=\"media  vc_custom_1653378143131\"><div class=\"mr-3 feature_img\"   style=\"position:relative;text-align:center;\"><i style=\"display:inline-block;font-size:48px;min-width:48px;line-height:48px;\" class=\"text-primary align-middle pixicon-luggage\"><\/i><\/div><div class=\"media-body text-left\"><h5 class=\"font-weight-bold  secondary-font text-heading-default\" style=\"\"  >Perfection never ends<\/h5><div class=\"text-body-default text-18\" style=\"padding-top:5px;\"  >We believe success brings success and the perfection never ends. We work for providing the most effective service to provide consistency.<\/div><\/div><\/div><\/div><\/div><\/div><\/div><div class=\"vc_row-full-width vc_clearfix\"><\/div><div data-vc-full-width=\"true\" data-vc-full-width-init=\"false\" class=\"vc_row wpb_row vc_row-fluid vc_row_visible\"><div class=\"wpb_column vc_column_container vc_col-sm-4 text-left\"><div class=\"vc_column-inner\"><div class=\"wpb_wrapper\"><div id=\"1613527110847-a656ea35-6055\" class=\"media  vc_custom_1653378169921\"><div class=\"mr-3 feature_img\"   style=\"position:relative;text-align:center;\"><i style=\"display:inline-block;font-size:64px;min-width:64px;line-height:64px;\" class=\"text-primary align-middle pixicon-add-slides\"><\/i><\/div><div class=\"media-body text-left\"><h5 class=\"font-weight-bold  secondary-font text-heading-default\" style=\"\"  >Complete trust<\/h5><div class=\"text-body-default text-18\" style=\"padding-top:5px;\"  >Success without work ethics is a failure for us. We don't the business with honesty or we simply don't start it. We protect the highest standards all of the projects we take in part.<\/div><\/div><\/div><\/div><\/div><\/div><div class=\"wpb_column vc_column_container vc_col-sm-4 text-left\"><div class=\"vc_column-inner\"><div class=\"wpb_wrapper\"><div id=\"1613527110850-d162b9bd-076e\" class=\"media  vc_custom_1653378198013\"><div class=\"mr-3 feature_img\"   style=\"position:relative;text-align:center;\"><i style=\"display:inline-block;font-size:64px;min-width:64px;line-height:64px;\" class=\"text-primary align-middle pixicon-crown-1\"><\/i><\/div><div class=\"media-body text-left\"><h5 class=\"font-weight-bold  secondary-font text-heading-default\" style=\"\"  >Passion is the fuel<\/h5><div class=\"text-body-default text-18\" style=\"padding-top:5px;\"  >We love our business with passion. With the passion we have, we chase the most challenging projects to give them life.<\/div><\/div><\/div><\/div><\/div><\/div><div class=\"wpb_column vc_column_container vc_col-sm-4 text-left\"><div class=\"vc_column-inner\"><div class=\"wpb_wrapper\"><div id=\"1613527110852-e0fb99cd-90f5\" class=\"media  vc_custom_1653378219013\"><div class=\"mr-3 feature_img\"   style=\"position:relative;text-align:center;\"><i style=\"display:inline-block;font-size:48px;min-width:48px;line-height:48px;\" class=\"text-primary align-middle pixicon-certified-1\"><\/i><\/div><div class=\"media-body text-left\"><h5 class=\"font-weight-bold  secondary-font text-heading-default\" style=\"\"  >The stability<\/h5><div class=\"text-body-default text-18\" style=\"padding-top:5px;\"  >The world is changing constantly. We understand that the change is an opportunity to improve ourselves with the stability.<\/div><\/div><\/div><\/div><\/div><\/div><\/div><div class=\"vc_row-full-width vc_clearfix\"><\/div><\/section><div class=\"vc_row-full-width vc_clearfix\"><\/div><section id=\"pix_section_features\" data-vc-full-width=\"true\" data-vc-full-width-init=\"false\" class=\"vc_section vc_section_visible pix_section_features vc_custom_1653485642961 vc_section-has-fill vc_section-o-content-middle vc_section-flex\" data-section-name=\"\"><div class=\"pix_element_overlay  bg-gray-1\" style=\"pointer-events:none;;position:absolute;width:100%;height:100%;top:0;left:0;opacity:1;\"><\/div><div class=\"vc_row wpb_row vc_row-fluid vc_row_visible custom-responsive-74375105\"><div class=\"wpb_column vc_column_container vc_col-sm-12 text-left\"><div class=\"vc_column-inner\"><div class=\"wpb_wrapper\"><div class=\"pix-element-div w-100 text-left\"><h6 class=\"pix-badge-element d-inline-block mr-1 animate-in\" data-anim-type=\"fade-in-up\" data-anim-delay=\"0\"><span class=\"badge font-weight-bold secondary-font bg-gray-2  vc_custom_1653378347258\" style=\" \"><span class=\"text-heading-default\" style=\"\">TRNC BOX<\/span><\/span><\/h6><\/div><div id=\"el1653378366346-bac52fc5-f226\" class=\"w-100 d-block\"><\/div><div id=\"el1653474221123-37d6e534-a410\" class=\"mb-3 text-left\"><h2 class=\"mb-32 pix-sliding-headline font-weight-bold secondary-font\" data-class=\"secondary-font text-primary\" data-style=\"\">TRNC Kutu Kimdir?<\/h2><\/div><div class=\"pix-el-text w-100\" ><p class=\"text-20  text-body-default\" ><span class=\"text-body-default animate-in d-inline-block\" data-anim-delay=\"1000\" data-anim-type=\"fade-in-up\">TRNC Box is one of the largest manufacturer of T\u00fcrkiye with it's 30 years of experience and the 4000 m2 facility.<br \/>\nWe build a healthful business relationship with clear communication and the ability of saying ''no'' if it's necessary.<br \/>\nProviding the best service is our ideal.<\/br><br \/>\n<\/br><br \/>\nWithout compromising quality,<br \/>\nwe prioritize customers' happiness.<br \/>\nWe chase for technological innovations to provide the best service to our customers.<\/br><br \/>\n<\/br><br \/>\nThe projects that we get, come to life with our professional and creative team's hardwork.<br \/>\nOur product specialists offer the best solutions with the briefs come from our customer relationship experts.<br \/>\nWe stand with our clients from designing to delivery.<br \/>\nWe prioritize the needs and expectations of our clients.<\/br><br \/>\n<\/br><br \/>\nOur professional team has the experience to meet your expectations.<br \/>\nTRNC Box produce the box and packaging products as per ISO standards.<br \/>\nOur box and tube production line can meet your expectation.<\/br><br \/>\n<\/br><br \/>\nWe have 6 of the cardboard box machine lines and 1 line of tube box machine to your service.<br \/>\nWe have been in the industry for 30 years to give your dreams reality.<br \/>\nWe use effective and productive methods with meticulous attitude for our production.<br \/>\nOur principle reflects you from past to today and from today to future.<\/br><br \/>\n<\/br><br \/>\nWe follow the technology in the industry to provide the newest procedure in our factory.<br \/>\nWe continue to provide our service 7-24.<\/span><\/p><\/div><\/div><\/div><\/div><\/div><\/section><div class=\"vc_row-full-width vc_clearfix\"><\/div><section data-vc-full-width=\"true\" data-vc-full-width-init=\"false\" class=\"vc_section vc_section_visible vc_custom_1593132773050 vc_section-has-fill\" data-section-name=\"\"><div class=\"pix-divider pix-bottom-divider\" data-style=\"style-19\" style=\"bottom:-1px;\"><svg xmlns=\"http:\/\/www.w3.org\/2000\/svg\" width=\"100%\"  viewbox=\"0 0 1200 415\" preserveaspectratio=\"none\"><path fill=\"#f8f9fa\" d=\"M9.09494702e-13,373.771254 C80.6666667,298.406109 159.333333,260.723537 236,260.723537 C421,260.723537 525,344.759008 670,273.729027 C789.088175,215.392262 940.369069,48.85905 1200,74.7885669 C1200,148.788567 1200,262.192378 1200,415 L1.0227342e-12,414.788567 L9.09494702e-13,373.771254 Z\"\/><defs><\/defs><\/svg><\/div><div class=\"vc_row wpb_row vc_row-fluid vc_row_visible\"><div class=\"wpb_column vc_column_container vc_col-sm-12 vc_col-md-offset-1 vc_col-md-10 text-center\"><div class=\"vc_column-inner\"><div class=\"wpb_wrapper\"><div class=\"pix-content-box card      vc_custom_1588760099650    rounded-10 shadow-inverse-lg bg- w-100\"   ><div class=\"\" style=\"z-index:30;position:relative;\">\n\t<div class=\"wpb_video_widget wpb_content_element vc_clearfix   vc_video-aspect-ratio-169 vc_video-el-width-100 vc_video-align-left\" >\n\t\t<div class=\"wpb_wrapper\">\n\t\t\t\n\t\t\t<div class=\"wpb_video_wrapper\"><iframe loading=\"lazy\" title=\"Kutu Turuncu Teaser\" width=\"640\" height=\"360\" src=\"https:\/\/www.youtube.com\/embed\/vCHfDc-wToE?feature=oembed\" frameborder=\"0\" allow=\"accelerometer; autoplay; clipboard-write; encrypted-media; gyroscope; picture-in-picture; web-share\" referrerpolicy=\"strict-origin-when-cross-origin\" allowfullscreen><\/iframe><\/div>\n\t\t<\/div>\n\t<\/div>\n<div id=\"el1653027797974-e8910b82-4086\" class=\"mb-3 text-center  vc_custom_1653030819617\"><div class=\"d-inline-block\" style=\"max-width:600px;\"><h2 class=\"mb-32 pix-sliding-headline font-weight-bold secondary-font\" data-class=\"secondary-font text-heading-default\" data-style=\"\">How we do?<\/h2><\/div><\/div><div class=\"pix-el-text w-100\" ><div class=\"d-inline-block\" style=\"max-width:500px;\"><p class=\"text-20  text-body-default\" ><span class=\"text-body-default animate-in d-inline-block\" data-anim-delay=\"400\" data-anim-type=\"fade-in-up\">You can follow us on our social media for further information and experience our services.<\/span><\/p><\/div><\/div><\/div><\/div><\/div><\/div><\/div><\/div><\/section><div class=\"vc_row-full-width vc_clearfix\"><\/div><section data-vc-full-width=\"true\" data-vc-full-width-init=\"false\" class=\"vc_section vc_section_visible vc_custom_1591944552811 vc_section-has-fill\" data-section-name=\"\"><div data-vc-full-width=\"true\" data-vc-full-width-init=\"false\" class=\"vc_row wpb_row vc_row-fluid vc_row_visible vc_custom_1653030397695 vc_row-has-fill vc_row-o-content-middle vc_row-flex\"><div class=\"wpb_column vc_column_container vc_col-sm-6 vc_col-has-fill text-left\"><div class=\"vc_column-inner custom-responsive-98173010 vc_custom_1610073539463\"><div class=\"wpb_wrapper\"><div id=\"1609296259000-69b018b3-e64b\" class=\"pix-feature-el text-left  vc_custom_1653485691807\"><div class=\"d-inline-block animate-in\" data-anim-type=\"fade-in-up\" data-anim-delay=\"\" style=\"position:relative;text-align:center;\"><i style=\"display:inline-block;font-size:60px;line-height:60px;\" class=\"text-primary align-middle pixicon-diamond\"><\/i><\/div><h3 class=\"font-weight-bold   text-heading-default animate-in\" style=\"padding-top:20px;\" data-anim-type=\"fade-in-up\" data-anim-delay=\"100\">We are here for the best with our 30 years of experience.<\/h3><div class=\"text-body-default text-20     animate-in\" style=\"padding-top:15px;\" data-anim-type=\"fade-in-up\" data-anim-delay=\"200\">We are here for you and your clients to offer the best experience with the industry.<\/div><\/div><\/div><\/div><\/div><div class=\"wpb_column vc_column_container vc_col-sm-6 text-left\"><div class=\"vc_column-inner custom-responsive-189937679 vc_custom_1610079269902\"><div class=\"wpb_wrapper\"><div class=\"d-inline-block\" ><div class=\"pix-img-el  vc_custom_1657786351643   shadow-inverse-lg shadow-inverse-hover-lg scale-inverse-sm text-center d-inline-block  w-100 rounded-xl\"  ><img loading=\"lazy\" decoding=\"async\" class=\"card-img2 pix-img-elem rounded-xl  h-1002\" style=\"height:auto;\" width=\"626\" height=\"352\" srcset=\"https:\/\/www.kututuruncu.com\/wp-content\/uploads\/2022\/07\/loreal.webp 626w, https:\/\/www.kututuruncu.com\/wp-content\/uploads\/2022\/07\/loreal-300x169.webp 300w\" sizes=\"auto, (max-width: 626px) 100vw, 626px\" src=\"https:\/\/www.kututuruncu.com\/wp-content\/uploads\/2022\/07\/loreal.webp\" alt=\"\" \/><\/div><\/div><div class=\"pix-el-text w-100 text-center\" ><p class=\"text-body-default text-center font-weight-bold\" >For your questions<\/p><\/div><div class=\"d-block w-100 text-center\"><a  href=\"http:\/\/www.kututuruncu.com\/en\/iletisim\/\" class=\"btn mb-2     btn-link text-secondary d-inline-block pix-hover-item  no-padding     pix-btn-div btn-lg\"     ><span class=\"font-weight-bold\" >Leave your contacts<\/span> <i class=\"font-weight-bold pixicon-angle-circle-right  pix-hover-right  ml-1\"><\/i><\/a><\/div><\/div><\/div><\/div><\/div><div class=\"vc_row-full-width vc_clearfix\"><\/div><\/section><div class=\"vc_row-full-width vc_clearfix\"><\/div><section data-vc-full-width=\"true\" data-vc-full-width-init=\"false\" class=\"vc_section vc_section_visible custom-responsive-164655023 vc_custom_1653284079354\" data-section-name=\"\"><div class=\"pix_element_overlay  bg-gray-1\" style=\"pointer-events:none;;position:absolute;width:100%;height:100%;top:0;left:0;opacity:1;\"><\/div><div class=\"pix-divider pix-bottom-divider\" data-style=\"style-8\" style=\"bottom:-1px;\"><svg xmlns=\"http:\/\/www.w3.org\/2000\/svg\" width=\"100%\" height=\"300px\" viewbox=\"0 0 1200 366\" preserveaspectratio=\"none\"><polygon fill=\"#ffffff\" points=\"0 360 1200 120 1200 366 0 366\"\/><defs><\/defs><\/svg><\/div><div class=\"vc_row wpb_row vc_row-fluid vc_row_visible vc_row-o-content-middle vc_row-flex\"><div class=\"wpb_column vc_column_container vc_col-sm-12 text-center\"><div class=\"vc_column-inner\"><div class=\"wpb_wrapper\"><div id=\"el1653040736943-4a28faf1-54bb\" class=\"mb-3 text-center  vc_custom_1653040968783\"><div class=\"d-inline-block\" style=\"max-width:600px;\"><h3 class=\"mb-32 pix-sliding-headline font-weight-bold secondary-font\" data-class=\"secondary-font text-heading-default\" data-style=\"\">Get in touch with us!<\/h3><\/div><\/div><div class=\"pix-el-text w-100 text-center  vc_custom_1653283896940\" ><div class=\"d-inline-block\" style=\"max-width:1000px;\"><p class=\"text-18  text-body-default text-center\" ><span class=\"text-body-default animate-in d-inline-block\" data-anim-delay=\"1000\" data-anim-type=\"fade-in-up\">We are here with you for providing our best in box and packaging services with your projects. Do you need a price quotation? Let us know! We will try our best to help!<\/span><\/p><\/div><\/div><a  href=\"http:\/\/www.kututuruncu.com\/en\/iletisim\/\" class=\"btn mb-2     btn-primary-light d-inline-block pix-hover-item      btn-rounded animate-in btn-md\"   data-anim-type=\"fade-in-up\" data-anim-delay=\"800\" ><i class=\"font-weight-bold pixicon-eye-1  pix-hover-left  mr-1\"><\/i> <span class=\"font-weight-bold\" >Price quotation form<\/span><\/a><\/div><\/div><\/div><\/div><\/section><div class=\"vc_row-full-width vc_clearfix\"><\/div>","protected":false},"excerpt":{"rendered":"3000'den Fazla \u0130\u015fletme Neden Kutu Turuncu'nun Uzmanl\u0131\u011f\u0131na G\u00fcveniyor?Bir projeyi bitirmenin \u00f6tesine ge\u00e7er. Profesyonel kutu \u00e7\u00f6z\u00fcmleriyle beklentileri a\u015fman\u0131za yard\u0131mc\u0131 olmak i\u00e7in m\u00fc\u015fteri ili\u015fkileri kurmaya ve enerjimizi yat\u0131rmaya \u00f6zen g\u00f6steriyoruz. Bize ihtiya\u00e7lar\u0131n\u0131z\u0131 s\u00f6yleyin. Neye \u0130htiyac\u0131n\u0131z Var?M\u00fc\u015fteri Tak\u0131nt\u0131s\u0131M\u00fc\u015fterilerimiz bizim varl\u0131k sebebimizdir. Sars\u0131lmaz bir...","protected":false},"author":1,"featured_media":0,"parent":0,"menu_order":0,"comment_status":"closed","ping_status":"closed","template":"","meta":{"_joinchat":[],"footnotes":""},"class_list":["post-13415","page","type-page","status-publish","hentry"],"_links":{"self":[{"href":"http:\/\/www.kututuruncu.com\/en\/wp-json\/wp\/v2\/pages\/13415","targetHints":{"allow":["GET"]}}],"collection":[{"href":"http:\/\/www.kututuruncu.com\/en\/wp-json\/wp\/v2\/pages"}],"about":[{"href":"http:\/\/www.kututuruncu.com\/en\/wp-json\/wp\/v2\/types\/page"}],"author":[{"embeddable":true,"href":"http:\/\/www.kututuruncu.com\/en\/wp-json\/wp\/v2\/users\/1"}],"replies":[{"embeddable":true,"href":"http:\/\/www.kututuruncu.com\/en\/wp-json\/wp\/v2\/comments?post=13415"}],"version-history":[{"count":3,"href":"http:\/\/www.kututuruncu.com\/en\/wp-json\/wp\/v2\/pages\/13415\/revisions"}],"predecessor-version":[{"id":14340,"href":"http:\/\/www.kututuruncu.com\/en\/wp-json\/wp\/v2\/pages\/13415\/revisions\/14340"}],"wp:attachment":[{"href":"http:\/\/www.kututuruncu.com\/en\/wp-json\/wp\/v2\/media?parent=13415"}],"curies":[{"name":"wp","href":"https:\/\/api.w.org\/{rel}","templated":true}]}}